{"id":576,"date":"2024-11-20T18:50:09","date_gmt":"2024-11-20T18:50:09","guid":{"rendered":"https:\/\/nsecseq.upv.edu.es\/wordpress\/index.php\/home\/"},"modified":"2024-12-18T11:16:04","modified_gmt":"2024-12-18T11:16:04","slug":"home","status":"publish","type":"page","link":"https:\/\/nsecseq.upv.edu.es\/wordpress\/","title":{"rendered":"Home"},"content":{"rendered":"\t\t<div data-elementor-type=\"wp-page\" data-elementor-id=\"576\" class=\"elementor elementor-576\">\n\t\t\t\t<div class=\"elementor-element elementor-element-9c91930 e-flex e-con-boxed e-con e-parent\" data-id=\"9c91930\" data-element_type=\"container\" data-e-type=\"container\" data-settings=\"{&quot;background_background&quot;:&quot;classic&quot;}\">\n\t\t\t\t\t<div class=\"e-con-inner\">\n\t\t<div class=\"elementor-element elementor-element-6f7112f e-con-full e-flex e-con e-child\" data-id=\"6f7112f\" data-element_type=\"container\" data-e-type=\"container\">\n\t\t\t\t<div class=\"elementor-element elementor-element-c8539a7 elementor-widget elementor-widget-heading\" data-id=\"c8539a7\" data-element_type=\"widget\" data-e-type=\"widget\" data-widget_type=\"heading.default\">\n\t\t\t\t<div class=\"elementor-widget-container\">\n\t\t\t\t\t<h6 class=\"elementor-heading-title elementor-size-default\">Encuentre el Caf\u00e9 Perfecto<\/h6>\t\t\t\t<\/div>\n\t\t\t\t<\/div>\n\t\t\t\t<div class=\"elementor-element elementor-element-6b0fc39 elementor-widget elementor-widget-image-box\" data-id=\"6b0fc39\" data-element_type=\"widget\" data-e-type=\"widget\" data-widget_type=\"image-box.default\">\n\t\t\t\t<div class=\"elementor-widget-container\">\n\t\t\t\t\t<div class=\"elementor-image-box-wrapper\"><div class=\"elementor-image-box-content\"><h1 class=\"elementor-image-box-title\">Caf\u00e9<\/h1><p class=\"elementor-image-box-description\">El caf\u00e9 es una bebida elaborada a partir de las semillas tostadas y molidas del cafeto tropical de hoja perenne.<\/p><\/div><\/div>\t\t\t\t<\/div>\n\t\t\t\t<\/div>\n\t\t\t\t<div class=\"elementor-element elementor-element-a7a31c0 elementor-widget elementor-widget-button\" data-id=\"a7a31c0\" data-element_type=\"widget\" data-e-type=\"widget\" data-widget_type=\"button.default\">\n\t\t\t\t<div class=\"elementor-widget-container\">\n\t\t\t\t\t\t\t\t\t<div class=\"elementor-button-wrapper\">\n\t\t\t\t\t<a class=\"elementor-button elementor-button-link elementor-size-sm\" href=\"https:\/\/nsecseq.upv.edu.es\/wordpress\/?page_id=11\">\n\t\t\t\t\t\t<span class=\"elementor-button-content-wrapper\">\n\t\t\t\t\t\t\t\t\t<span class=\"elementor-button-text\">Viajes y cafe<\/span>\n\t\t\t\t\t<\/span>\n\t\t\t\t\t<\/a>\n\t\t\t\t<\/div>\n\t\t\t\t\t\t\t\t<\/div>\n\t\t\t\t<\/div>\n\t\t\t\t<\/div>\n\t\t<div class=\"elementor-element elementor-element-8fabdac e-con-full e-flex e-con e-child\" data-id=\"8fabdac\" data-element_type=\"container\" data-e-type=\"container\">\n\t\t\t\t<div class=\"elementor-element elementor-element-0b25819 elementor-widget elementor-widget-image\" data-id=\"0b25819\" data-element_type=\"widget\" data-e-type=\"widget\" data-widget_type=\"image.default\">\n\t\t\t\t<div class=\"elementor-widget-container\">\n\t\t\t\t\t\t\t\t\t\t\t\t\t\t\t<img fetchpriority=\"high\" decoding=\"async\" width=\"1366\" height=\"768\" src=\"https:\/\/nsecseq.upv.edu.es\/wordpress\/wp-content\/uploads\/2024\/11\/cofeee.jpg\" class=\"attachment-full size-full wp-image-62\" alt=\"\" srcset=\"https:\/\/nsecseq.upv.edu.es\/wordpress\/wp-content\/uploads\/2024\/11\/cofeee.jpg 1366w, https:\/\/nsecseq.upv.edu.es\/wordpress\/wp-content\/uploads\/2024\/11\/cofeee-300x169.jpg 300w, https:\/\/nsecseq.upv.edu.es\/wordpress\/wp-content\/uploads\/2024\/11\/cofeee-1024x576.jpg 1024w, https:\/\/nsecseq.upv.edu.es\/wordpress\/wp-content\/uploads\/2024\/11\/cofeee-768x432.jpg 768w\" sizes=\"(max-width: 1366px) 100vw, 1366px\" \/>\t\t\t\t\t\t\t\t\t\t\t\t\t\t\t<\/div>\n\t\t\t\t<\/div>\n\t\t\t\t<\/div>\n\t\t\t\t\t<\/div>\n\t\t\t\t<\/div>\n\t\t<div class=\"elementor-element elementor-element-1d977d3 e-flex e-con-boxed e-con e-parent\" data-id=\"1d977d3\" data-element_type=\"container\" data-e-type=\"container\" data-settings=\"{&quot;background_background&quot;:&quot;classic&quot;}\">\n\t\t\t\t\t<div class=\"e-con-inner\">\n\t\t<div class=\"elementor-element elementor-element-1755b3d e-con-full e-flex e-con e-child\" data-id=\"1755b3d\" data-element_type=\"container\" data-e-type=\"container\" data-settings=\"{&quot;background_background&quot;:&quot;classic&quot;}\">\n\t\t\t\t<div class=\"elementor-element elementor-element-6391c6d elementor-widget__width-initial elementor-widget-tablet__width-inherit elementor-vertical-align-top elementor-widget elementor-widget-image-box\" data-id=\"6391c6d\" data-element_type=\"widget\" data-e-type=\"widget\" data-widget_type=\"image-box.default\">\n\t\t\t\t<div class=\"elementor-widget-container\">\n\t\t\t\t\t<div class=\"elementor-image-box-wrapper\"><div class=\"elementor-image-box-content\"><h4 class=\"elementor-image-box-title\">Coffee . Caf\u00e9 .  Kaffee . Kopi . Koffie . Kaffi . \u30b3\u30fc\u30d2\u30fc . Kahvi . \u039a\u03b1\u03c6\u03ad\u03c2 . Kaf\u00e8<\/h4><p class=\"elementor-image-box-description\">Hay magia en el caf\u00e9: transforma ma\u00f1anas grises en momentos dorados. \u00a1Es pura inspiraci\u00f3n l\u00edquida!<\/p><\/div><\/div>\t\t\t\t<\/div>\n\t\t\t\t<\/div>\n\t\t\t\t<\/div>\n\t\t\t\t\t<\/div>\n\t\t\t\t<\/div>\n\t\t<div class=\"elementor-element elementor-element-fd7b6c7 e-flex e-con-boxed e-con e-parent\" data-id=\"fd7b6c7\" data-element_type=\"container\" data-e-type=\"container\">\n\t\t\t\t\t<div class=\"e-con-inner\">\n\t\t\t\t<div class=\"elementor-element elementor-element-e09e0e4 elementor-widget__width-initial elementor-widget elementor-widget-image\" data-id=\"e09e0e4\" data-element_type=\"widget\" data-e-type=\"widget\" data-widget_type=\"image.default\">\n\t\t\t\t<div class=\"elementor-widget-container\">\n\t\t\t\t\t\t\t\t\t\t\t\t\t\t\t<img decoding=\"async\" width=\"736\" height=\"1313\" src=\"https:\/\/nsecseq.upv.edu.es\/wordpress\/wp-content\/uploads\/2024\/12\/unnamed-file.jpeg\" class=\"attachment-full size-full wp-image-1003\" alt=\"\" srcset=\"https:\/\/nsecseq.upv.edu.es\/wordpress\/wp-content\/uploads\/2024\/12\/unnamed-file.jpeg 736w, https:\/\/nsecseq.upv.edu.es\/wordpress\/wp-content\/uploads\/2024\/12\/unnamed-file-168x300.jpeg 168w, https:\/\/nsecseq.upv.edu.es\/wordpress\/wp-content\/uploads\/2024\/12\/unnamed-file-574x1024.jpeg 574w\" sizes=\"(max-width: 736px) 100vw, 736px\" \/>\t\t\t\t\t\t\t\t\t\t\t\t\t\t\t<\/div>\n\t\t\t\t<\/div>\n\t\t<div class=\"elementor-element elementor-element-8114cca e-con-full e-flex e-con e-child\" data-id=\"8114cca\" data-element_type=\"container\" data-e-type=\"container\">\n\t\t\t\t<div class=\"elementor-element elementor-element-a80dbd4 elementor-widget elementor-widget-heading\" data-id=\"a80dbd4\" data-element_type=\"widget\" data-e-type=\"widget\" data-widget_type=\"heading.default\">\n\t\t\t\t<div class=\"elementor-widget-container\">\n\t\t\t\t\t<h2 class=\"elementor-heading-title elementor-size-default\">Viajando entre Tazas de Caf\u00e9 \n<\/h2>\t\t\t\t<\/div>\n\t\t\t\t<\/div>\n\t\t\t\t<div class=\"elementor-element elementor-element-51d7090 elementor-widget elementor-widget-text-editor\" data-id=\"51d7090\" data-element_type=\"widget\" data-e-type=\"widget\" data-widget_type=\"text-editor.default\">\n\t\t\t\t<div class=\"elementor-widget-container\">\n\t\t\t\t\t\t\t\t\t<p>Descubre destinos \u00fanicos donde el caf\u00e9 y la aventura se unen. Desde el Eje Cafetero colombiano hasta el espresso italiano, sum\u00e9rgete en tradiciones cafeteras y explora fincas alrededor del mundo mientras disfrutas de cada sorbo y paisaje inolvidable.<\/p>\t\t\t\t\t\t\t\t<\/div>\n\t\t\t\t<\/div>\n\t\t\t\t<\/div>\n\t\t\t\t\t<\/div>\n\t\t\t\t<\/div>\n\t\t<div class=\"elementor-element elementor-element-daee59b e-flex e-con-boxed e-con e-parent\" data-id=\"daee59b\" data-element_type=\"container\" data-e-type=\"container\">\n\t\t\t\t\t<div class=\"e-con-inner\">\n\t\t\t\t<div class=\"elementor-element elementor-element-8cc84ee elementor-widget elementor-widget-heading\" data-id=\"8cc84ee\" data-element_type=\"widget\" data-e-type=\"widget\" data-widget_type=\"heading.default\">\n\t\t\t\t<div class=\"elementor-widget-container\">\n\t\t\t\t\t<h2 class=\"elementor-heading-title elementor-size-default\"><a href=\"https:\/\/nsecseq.upv.edu.es\/wordpress\/?page_id=777\">Blogs<\/a><\/h2>\t\t\t\t<\/div>\n\t\t\t\t<\/div>\n\t\t\t\t\t<\/div>\n\t\t\t\t<\/div>\n\t\t<div class=\"elementor-element elementor-element-82e10c1 e-flex e-con-boxed e-con e-parent\" data-id=\"82e10c1\" data-element_type=\"container\" data-e-type=\"container\">\n\t\t\t\t\t<div class=\"e-con-inner\">\n\t\t<div class=\"elementor-element elementor-element-24e9349 e-con-full e-flex e-con e-child\" data-id=\"24e9349\" data-element_type=\"container\" data-e-type=\"container\">\n\t\t<div class=\"elementor-element elementor-element-6713b9e e-con-full e-flex e-con e-child\" data-id=\"6713b9e\" data-element_type=\"container\" data-e-type=\"container\">\n\t\t\t\t<div class=\"elementor-element elementor-element-f9cadc0 elementor-widget elementor-widget-heading\" data-id=\"f9cadc0\" data-element_type=\"widget\" data-e-type=\"widget\" data-widget_type=\"heading.default\">\n\t\t\t\t<div class=\"elementor-widget-container\">\n\t\t\t\t\t<h2 class=\"elementor-heading-title elementor-size-default\">Las Mejores Rutas de Viaje para Amantes del Caf\u00e9<\/h2>\t\t\t\t<\/div>\n\t\t\t\t<\/div>\n\t\t\t\t<\/div>\n\t\t<div class=\"elementor-element elementor-element-9e45289 e-con-full e-flex e-con e-child\" data-id=\"9e45289\" data-element_type=\"container\" data-e-type=\"container\">\n\t\t\t\t<div class=\"elementor-element elementor-element-222842b elementor-widget elementor-widget-text-editor\" data-id=\"222842b\" data-element_type=\"widget\" data-e-type=\"widget\" data-widget_type=\"text-editor.default\">\n\t\t\t\t<div class=\"elementor-widget-container\">\n\t\t\t\t\t\t\t\t\t<p>Imagina recorrer plantaciones en Colombia, degustar en una cafeter\u00eda en Melbourne o descubrir el encanto de un caf\u00e9 tradicional en Turqu\u00eda. Conoce los destinos imprescindibles para los apasionados de esta bebida milenaria.<\/p>\t\t\t\t\t\t\t\t<\/div>\n\t\t\t\t<\/div>\n\t\t\t\t<\/div>\n\t\t\t\t<\/div>\n\t\t<div class=\"elementor-element elementor-element-b3ed4a2 e-con-full e-flex e-con e-child\" data-id=\"b3ed4a2\" data-element_type=\"container\" data-e-type=\"container\">\n\t\t\t\t<div class=\"elementor-element elementor-element-0190b29 elementor-widget elementor-widget-image\" data-id=\"0190b29\" data-element_type=\"widget\" data-e-type=\"widget\" data-widget_type=\"image.default\">\n\t\t\t\t<div class=\"elementor-widget-container\">\n\t\t\t\t\t\t\t\t\t\t\t\t\t\t\t<img decoding=\"async\" width=\"736\" height=\"1104\" src=\"https:\/\/nsecseq.upv.edu.es\/wordpress\/wp-content\/uploads\/2024\/12\/A-Ten-Step-Guide-To-Autumn-Garden-Maintenance-1-3.jpeg\" class=\"attachment-full size-full wp-image-1032\" alt=\"\" srcset=\"https:\/\/nsecseq.upv.edu.es\/wordpress\/wp-content\/uploads\/2024\/12\/A-Ten-Step-Guide-To-Autumn-Garden-Maintenance-1-3.jpeg 736w, https:\/\/nsecseq.upv.edu.es\/wordpress\/wp-content\/uploads\/2024\/12\/A-Ten-Step-Guide-To-Autumn-Garden-Maintenance-1-3-200x300.jpeg 200w, https:\/\/nsecseq.upv.edu.es\/wordpress\/wp-content\/uploads\/2024\/12\/A-Ten-Step-Guide-To-Autumn-Garden-Maintenance-1-3-683x1024.jpeg 683w\" sizes=\"(max-width: 736px) 100vw, 736px\" \/>\t\t\t\t\t\t\t\t\t\t\t\t\t\t\t<\/div>\n\t\t\t\t<\/div>\n\t\t\t\t<\/div>\n\t\t\t\t\t<\/div>\n\t\t\t\t<\/div>\n\t\t<div class=\"elementor-element elementor-element-1540064 e-flex e-con-boxed e-con e-parent\" data-id=\"1540064\" data-element_type=\"container\" data-e-type=\"container\">\n\t\t\t\t\t<div class=\"e-con-inner\">\n\t\t\t\t<div class=\"elementor-element elementor-element-b63673e elementor-widget elementor-widget-heading\" data-id=\"b63673e\" data-element_type=\"widget\" data-e-type=\"widget\" data-widget_type=\"heading.default\">\n\t\t\t\t<div class=\"elementor-widget-container\">\n\t\t\t\t\t<h2 class=\"elementor-heading-title elementor-size-default\"><a href=\"https:\/\/www.casadelcafe.com\/\">Cafe Nicarag\u00fcense<\/a><\/h2>\t\t\t\t<\/div>\n\t\t\t\t<\/div>\n\t\t\t\t<div class=\"elementor-element elementor-element-7ac4a62 elementor-widget elementor-widget-google_maps\" data-id=\"7ac4a62\" data-element_type=\"widget\" data-e-type=\"widget\" data-widget_type=\"google_maps.default\">\n\t\t\t\t<div class=\"elementor-widget-container\">\n\t\t\t\t\t\t\t<div class=\"elementor-custom-embed\">\n\t\t\t<iframe loading=\"lazy\"\n\t\t\t\t\tsrc=\"https:\/\/maps.google.com\/maps?q=casa%20del%20cafe%20Plaza%20Mayor%2C%20Paseo%20Del%20Club%2C%20Managua%2C%20Nicaragua&#038;t=m&#038;z=10&#038;output=embed&#038;iwloc=near\"\n\t\t\t\t\ttitle=\"casa del cafe Plaza Mayor, Paseo Del Club, Managua, Nicaragua\"\n\t\t\t\t\taria-label=\"casa del cafe Plaza Mayor, Paseo Del Club, Managua, Nicaragua\"\n\t\t\t><\/iframe>\n\t\t<\/div>\n\t\t\t\t\t\t<\/div>\n\t\t\t\t<\/div>\n\t\t\t\t\t<\/div>\n\t\t\t\t<\/div>\n\t\t\t\t<\/div>\n\t\t","protected":false},"excerpt":{"rendered":"<p>Encuentre el Caf\u00e9 Perfecto Caf\u00e9 El caf\u00e9 es una bebida elaborada a partir de las semillas tostadas y molidas del cafeto tropical de hoja perenne. Viajes y cafe Coffee . Caf\u00e9 . Kaffee . Kopi . Koffie . Kaffi . \u30b3\u30fc\u30d2\u30fc . Kahvi . \u039a\u03b1\u03c6\u03ad\u03c2 . Kaf\u00e8 Hay magia en el caf\u00e9: transforma ma\u00f1anas grises [&hellip;]<\/p>\n","protected":false},"author":1,"featured_media":0,"parent":0,"menu_order":0,"comment_status":"closed","ping_status":"closed","template":"","meta":{"site-sidebar-layout":"no-sidebar","site-content-layout":"page-builder","ast-site-content-layout":"full-width-container","site-content-style":"unboxed","site-sidebar-style":"unboxed","ast-global-header-display":"","ast-banner-title-visibility":"","ast-main-header-display":"","ast-hfb-above-header-display":"","ast-hfb-below-header-display":"","ast-hfb-mobile-header-display":"","site-post-title":"disabled","ast-breadcrumbs-content":"","ast-featured-img":"disabled","footer-sml-layout":"","ast-disable-related-posts":"","theme-transparent-header-meta":"","adv-header-id-meta":"","stick-header-meta":"","header-above-stick-meta":"","header-main-stick-meta":"","header-below-stick-meta":"","astra-migrate-meta-layouts":"set","ast-page-background-enabled":"default","ast-page-background-meta":{"desktop":{"background-color":"","background-image":"","background-repeat":"repeat","background-position":"center center","background-size":"auto","background-attachment":"scroll","background-type":"","background-media":"","overlay-type":"","overlay-color":"","overlay-opacity":"","overlay-gradient":""},"tablet":{"background-color":"","background-image":"","background-repeat":"repeat","background-position":"center center","background-size":"auto","background-attachment":"scroll","background-type":"","background-media":"","overlay-type":"","overlay-color":"","overlay-opacity":"","overlay-gradient":""},"mobile":{"background-color":"","background-image":"","background-repeat":"repeat","background-position":"center center","background-size":"auto","background-attachment":"scroll","background-type":"","background-media":"","overlay-type":"","overlay-color":"","overlay-opacity":"","overlay-gradient":""}},"ast-content-background-meta":{"desktop":{"background-color":"var(--ast-global-color-5)","background-image":"","background-repeat":"repeat","background-position":"center center","background-size":"auto","background-attachment":"scroll","background-type":"","background-media":"","overlay-type":"","overlay-color":"","overlay-opacity":"","overlay-gradient":""},"tablet":{"background-color":"var(--ast-global-color-5)","background-image":"","background-repeat":"repeat","background-position":"center center","background-size":"auto","background-attachment":"scroll","background-type":"","background-media":"","overlay-type":"","overlay-color":"","overlay-opacity":"","overlay-gradient":""},"mobile":{"background-color":"var(--ast-global-color-5)","background-image":"","background-repeat":"repeat","background-position":"center center","background-size":"auto","background-attachment":"scroll","background-type":"","background-media":"","overlay-type":"","overlay-color":"","overlay-opacity":"","overlay-gradient":""}},"footnotes":""},"class_list":["post-576","page","type-page","status-publish","hentry"],"yoast_head":"<!-- This site is optimized with the Yoast SEO plugin v27.3 - https:\/\/yoast.com\/product\/yoast-seo-wordpress\/ -->\n<title>Coffee Around the World in Valencia, SP<\/title>\n<meta name=\"description\" content=\"Coffee Around the World en Valencia, SP. Conoce con nosotras los diferentes caf\u00e9s que el mundo te pueda dar en una sola taza.\" \/>\n<meta name=\"robots\" content=\"index, follow, max-snippet:-1, max-image-preview:large, max-video-preview:-1\" \/>\n<link rel=\"canonical\" href=\"https:\/\/nsecseq.upv.edu.es\/wordpress\/\" \/>\n<meta property=\"og:locale\" content=\"en_US\" \/>\n<meta property=\"og:type\" content=\"article\" \/>\n<meta property=\"og:title\" content=\"Coffee Around the World in Valencia, SP\" \/>\n<meta property=\"og:description\" content=\"Coffee Around the World en Valencia, SP. Conoce con nosotras los diferentes caf\u00e9s que el mundo te pueda dar en una sola taza.\" \/>\n<meta property=\"og:url\" content=\"https:\/\/nsecseq.upv.edu.es\/wordpress\/\" \/>\n<meta property=\"og:site_name\" content=\"Coffee\" \/>\n<meta property=\"article:modified_time\" content=\"2024-12-18T11:16:04+00:00\" \/>\n<meta property=\"og:image\" content=\"https:\/\/nsecseq.upv.edu.es\/wordpress\/wp-content\/uploads\/2024\/11\/cofeee.jpg\" \/>\n<meta name=\"twitter:card\" content=\"summary_large_image\" \/>\n<meta name=\"twitter:label1\" content=\"Est. reading time\" \/>\n\t<meta name=\"twitter:data1\" content=\"2 minutes\" \/>\n<script type=\"application\/ld+json\" class=\"yoast-schema-graph\">{\"@context\":\"https:\\\/\\\/schema.org\",\"@graph\":[{\"@type\":\"WebPage\",\"@id\":\"https:\\\/\\\/nsecseq.upv.edu.es\\\/wordpress\\\/\",\"url\":\"https:\\\/\\\/nsecseq.upv.edu.es\\\/wordpress\\\/\",\"name\":\"Coffee Around the World in Valencia, SP\",\"isPartOf\":{\"@id\":\"https:\\\/\\\/nsecseq.upv.edu.es\\\/wordpress\\\/#website\"},\"primaryImageOfPage\":{\"@id\":\"https:\\\/\\\/nsecseq.upv.edu.es\\\/wordpress\\\/#primaryimage\"},\"image\":{\"@id\":\"https:\\\/\\\/nsecseq.upv.edu.es\\\/wordpress\\\/#primaryimage\"},\"thumbnailUrl\":\"https:\\\/\\\/nsecseq.upv.edu.es\\\/wordpress\\\/wp-content\\\/uploads\\\/2024\\\/11\\\/cofeee.jpg\",\"datePublished\":\"2024-11-20T18:50:09+00:00\",\"dateModified\":\"2024-12-18T11:16:04+00:00\",\"description\":\"Coffee Around the World en Valencia, SP. Conoce con nosotras los diferentes caf\u00e9s que el mundo te pueda dar en una sola taza.\",\"breadcrumb\":{\"@id\":\"https:\\\/\\\/nsecseq.upv.edu.es\\\/wordpress\\\/#breadcrumb\"},\"inLanguage\":\"en-US\",\"potentialAction\":[{\"@type\":\"ReadAction\",\"target\":[\"https:\\\/\\\/nsecseq.upv.edu.es\\\/wordpress\\\/\"]}]},{\"@type\":\"ImageObject\",\"inLanguage\":\"en-US\",\"@id\":\"https:\\\/\\\/nsecseq.upv.edu.es\\\/wordpress\\\/#primaryimage\",\"url\":\"https:\\\/\\\/nsecseq.upv.edu.es\\\/wordpress\\\/wp-content\\\/uploads\\\/2024\\\/11\\\/cofeee.jpg\",\"contentUrl\":\"https:\\\/\\\/nsecseq.upv.edu.es\\\/wordpress\\\/wp-content\\\/uploads\\\/2024\\\/11\\\/cofeee.jpg\",\"width\":1366,\"height\":768},{\"@type\":\"BreadcrumbList\",\"@id\":\"https:\\\/\\\/nsecseq.upv.edu.es\\\/wordpress\\\/#breadcrumb\",\"itemListElement\":[{\"@type\":\"ListItem\",\"position\":1,\"name\":\"Portada\",\"item\":\"https:\\\/\\\/nsecseq.upv.edu.es\\\/wordpress\\\/\"},{\"@type\":\"ListItem\",\"position\":2,\"name\":\"Home\"}]},{\"@type\":\"WebSite\",\"@id\":\"https:\\\/\\\/nsecseq.upv.edu.es\\\/wordpress\\\/#website\",\"url\":\"https:\\\/\\\/nsecseq.upv.edu.es\\\/wordpress\\\/\",\"name\":\"Coffee\",\"description\":\"Can Change Everything\",\"publisher\":{\"@id\":\"https:\\\/\\\/nsecseq.upv.edu.es\\\/wordpress\\\/#organization\"},\"potentialAction\":[{\"@type\":\"SearchAction\",\"target\":{\"@type\":\"EntryPoint\",\"urlTemplate\":\"https:\\\/\\\/nsecseq.upv.edu.es\\\/wordpress\\\/?s={search_term_string}\"},\"query-input\":{\"@type\":\"PropertyValueSpecification\",\"valueRequired\":true,\"valueName\":\"search_term_string\"}}],\"inLanguage\":\"en-US\"},{\"@type\":\"Organization\",\"@id\":\"https:\\\/\\\/nsecseq.upv.edu.es\\\/wordpress\\\/#organization\",\"name\":\"Coffee\",\"url\":\"https:\\\/\\\/nsecseq.upv.edu.es\\\/wordpress\\\/\",\"logo\":{\"@type\":\"ImageObject\",\"inLanguage\":\"en-US\",\"@id\":\"https:\\\/\\\/nsecseq.upv.edu.es\\\/wordpress\\\/#\\\/schema\\\/logo\\\/image\\\/\",\"url\":\"https:\\\/\\\/nsecseq.upv.edu.es\\\/wordpress\\\/wp-content\\\/uploads\\\/2021\\\/07\\\/logo-regular.png\",\"contentUrl\":\"https:\\\/\\\/nsecseq.upv.edu.es\\\/wordpress\\\/wp-content\\\/uploads\\\/2021\\\/07\\\/logo-regular.png\",\"width\":325,\"height\":23,\"caption\":\"Coffee\"},\"image\":{\"@id\":\"https:\\\/\\\/nsecseq.upv.edu.es\\\/wordpress\\\/#\\\/schema\\\/logo\\\/image\\\/\"}}]}<\/script>\n<!-- \/ Yoast SEO plugin. -->","yoast_head_json":{"title":"Coffee Around the World in Valencia, SP","description":"Coffee Around the World en Valencia, SP. Conoce con nosotras los diferentes caf\u00e9s que el mundo te pueda dar en una sola taza.","robots":{"index":"index","follow":"follow","max-snippet":"max-snippet:-1","max-image-preview":"max-image-preview:large","max-video-preview":"max-video-preview:-1"},"canonical":"https:\/\/nsecseq.upv.edu.es\/wordpress\/","og_locale":"en_US","og_type":"article","og_title":"Coffee Around the World in Valencia, SP","og_description":"Coffee Around the World en Valencia, SP. Conoce con nosotras los diferentes caf\u00e9s que el mundo te pueda dar en una sola taza.","og_url":"https:\/\/nsecseq.upv.edu.es\/wordpress\/","og_site_name":"Coffee","article_modified_time":"2024-12-18T11:16:04+00:00","og_image":[{"url":"https:\/\/nsecseq.upv.edu.es\/wordpress\/wp-content\/uploads\/2024\/11\/cofeee.jpg","type":"","width":"","height":""}],"twitter_card":"summary_large_image","twitter_misc":{"Est. reading time":"2 minutes"},"schema":{"@context":"https:\/\/schema.org","@graph":[{"@type":"WebPage","@id":"https:\/\/nsecseq.upv.edu.es\/wordpress\/","url":"https:\/\/nsecseq.upv.edu.es\/wordpress\/","name":"Coffee Around the World in Valencia, SP","isPartOf":{"@id":"https:\/\/nsecseq.upv.edu.es\/wordpress\/#website"},"primaryImageOfPage":{"@id":"https:\/\/nsecseq.upv.edu.es\/wordpress\/#primaryimage"},"image":{"@id":"https:\/\/nsecseq.upv.edu.es\/wordpress\/#primaryimage"},"thumbnailUrl":"https:\/\/nsecseq.upv.edu.es\/wordpress\/wp-content\/uploads\/2024\/11\/cofeee.jpg","datePublished":"2024-11-20T18:50:09+00:00","dateModified":"2024-12-18T11:16:04+00:00","description":"Coffee Around the World en Valencia, SP. Conoce con nosotras los diferentes caf\u00e9s que el mundo te pueda dar en una sola taza.","breadcrumb":{"@id":"https:\/\/nsecseq.upv.edu.es\/wordpress\/#breadcrumb"},"inLanguage":"en-US","potentialAction":[{"@type":"ReadAction","target":["https:\/\/nsecseq.upv.edu.es\/wordpress\/"]}]},{"@type":"ImageObject","inLanguage":"en-US","@id":"https:\/\/nsecseq.upv.edu.es\/wordpress\/#primaryimage","url":"https:\/\/nsecseq.upv.edu.es\/wordpress\/wp-content\/uploads\/2024\/11\/cofeee.jpg","contentUrl":"https:\/\/nsecseq.upv.edu.es\/wordpress\/wp-content\/uploads\/2024\/11\/cofeee.jpg","width":1366,"height":768},{"@type":"BreadcrumbList","@id":"https:\/\/nsecseq.upv.edu.es\/wordpress\/#breadcrumb","itemListElement":[{"@type":"ListItem","position":1,"name":"Portada","item":"https:\/\/nsecseq.upv.edu.es\/wordpress\/"},{"@type":"ListItem","position":2,"name":"Home"}]},{"@type":"WebSite","@id":"https:\/\/nsecseq.upv.edu.es\/wordpress\/#website","url":"https:\/\/nsecseq.upv.edu.es\/wordpress\/","name":"Coffee","description":"Can Change Everything","publisher":{"@id":"https:\/\/nsecseq.upv.edu.es\/wordpress\/#organization"},"potentialAction":[{"@type":"SearchAction","target":{"@type":"EntryPoint","urlTemplate":"https:\/\/nsecseq.upv.edu.es\/wordpress\/?s={search_term_string}"},"query-input":{"@type":"PropertyValueSpecification","valueRequired":true,"valueName":"search_term_string"}}],"inLanguage":"en-US"},{"@type":"Organization","@id":"https:\/\/nsecseq.upv.edu.es\/wordpress\/#organization","name":"Coffee","url":"https:\/\/nsecseq.upv.edu.es\/wordpress\/","logo":{"@type":"ImageObject","inLanguage":"en-US","@id":"https:\/\/nsecseq.upv.edu.es\/wordpress\/#\/schema\/logo\/image\/","url":"https:\/\/nsecseq.upv.edu.es\/wordpress\/wp-content\/uploads\/2021\/07\/logo-regular.png","contentUrl":"https:\/\/nsecseq.upv.edu.es\/wordpress\/wp-content\/uploads\/2021\/07\/logo-regular.png","width":325,"height":23,"caption":"Coffee"},"image":{"@id":"https:\/\/nsecseq.upv.edu.es\/wordpress\/#\/schema\/logo\/image\/"}}]}},"_links":{"self":[{"href":"https:\/\/nsecseq.upv.edu.es\/wordpress\/index.php?rest_route=\/wp\/v2\/pages\/576","targetHints":{"allow":["GET"]}}],"collection":[{"href":"https:\/\/nsecseq.upv.edu.es\/wordpress\/index.php?rest_route=\/wp\/v2\/pages"}],"about":[{"href":"https:\/\/nsecseq.upv.edu.es\/wordpress\/index.php?rest_route=\/wp\/v2\/types\/page"}],"author":[{"embeddable":true,"href":"https:\/\/nsecseq.upv.edu.es\/wordpress\/index.php?rest_route=\/wp\/v2\/users\/1"}],"replies":[{"embeddable":true,"href":"https:\/\/nsecseq.upv.edu.es\/wordpress\/index.php?rest_route=%2Fwp%2Fv2%2Fcomments&post=576"}],"version-history":[{"count":67,"href":"https:\/\/nsecseq.upv.edu.es\/wordpress\/index.php?rest_route=\/wp\/v2\/pages\/576\/revisions"}],"predecessor-version":[{"id":1071,"href":"https:\/\/nsecseq.upv.edu.es\/wordpress\/index.php?rest_route=\/wp\/v2\/pages\/576\/revisions\/1071"}],"wp:attachment":[{"href":"https:\/\/nsecseq.upv.edu.es\/wordpress\/index.php?rest_route=%2Fwp%2Fv2%2Fmedia&parent=576"}],"curies":[{"name":"wp","href":"https:\/\/api.w.org\/{rel}","templated":true}]}}